{"id":1324,"date":"2022-08-11T06:45:41","date_gmt":"2022-08-11T12:45:41","guid":{"rendered":"https:\/\/lavenderblush-fly-254657.hostingersite.com\/contact-me-2\/"},"modified":"2022-11-16T16:40:21","modified_gmt":"2022-11-16T22:40:21","slug":"contact-me-2","status":"publish","type":"page","link":"https:\/\/consultingevolution.com\/es\/contact-me-2\/","title":{"rendered":"Cont\u00e1ctanos"},"content":{"rendered":"<style>#kt-layout-id_e1b83d-15{margin-bottom:0px;}#kt-layout-id_e1b83d-15 > .kt-row-column-wrap{align-content:start;}:where(#kt-layout-id_e1b83d-15 > .kt-row-column-wrap) > .wp-block-kadence-column{justify-content:start;}#kt-layout-id_e1b83d-15 > .kt-row-column-wrap{column-gap:var(--global-kb-gap-none, 0rem );row-gap:var(--global-kb-gap-md, 2rem);padding-top:var( --global-kb-row-default-top, 25px );padding-bottom:var( --global-kb-row-default-bottom, 25px );padding-top:0px;padding-bottom:0px;padding-right:0px;grid-template-columns:repeat(2, minmax(0, 1fr));}#kt-layout-id_e1b83d-15 > .kt-row-layout-overlay{opacity:0.30;}@media all and (max-width: 1024px){#kt-layout-id_e1b83d-15 > .kt-row-column-wrap{grid-template-columns:repeat(2, minmax(0, 1fr));}}@media all and (max-width: 767px){#kt-layout-id_e1b83d-15 > .kt-row-column-wrap{padding-left:0px;padding-right:0px;grid-template-columns:minmax(0, 1fr);}}<\/style>\n<div class=\"wp-block-kadence-rowlayout alignfull\"><div id=\"kt-layout-id_e1b83d-15\" class=\"kt-row-layout-inner kt-row-has-bg kt-layout-id_e1b83d-15 has-azul-claro-background-color\"><div class=\"kt-row-column-wrap kt-has-2-columns kt-gutter-none kt-v-gutter-default kt-row-valign-top kt-row-layout-equal kt-tab-layout-inherit kt-m-colapse-left-to-right kt-mobile-layout-row kt-inner-column-height-full\"><style>.kadence-column_b371b3-7c > .kt-inside-inner-col{padding-right:60px;}.kadence-column_b371b3-7c > .kt-inside-inner-col{border-top-width:0px;border-right-width:0px;border-bottom-width:0px;border-left-width:0px;}.kadence-column_b371b3-7c > .kt-inside-inner-col,.kadence-column_b371b3-7c > .kt-inside-inner-col:before{border-top-left-radius:0px;border-top-right-radius:0px;border-bottom-right-radius:0px;border-bottom-left-radius:0px;}.kadence-column_b371b3-7c > .kt-inside-inner-col{column-gap:var(--global-kb-gap-sm, 1rem);}.kadence-column_b371b3-7c > .kt-inside-inner-col{flex-direction:column;}.kadence-column_b371b3-7c > .kt-inside-inner-col > .aligncenter{width:100%;}.kadence-column_b371b3-7c > .kt-inside-inner-col:before{opacity:0.3;}.kadence-column_b371b3-7c{position:relative;}@media all and (max-width: 1024px){.kadence-column_b371b3-7c > .kt-inside-inner-col{flex-direction:column;justify-content:center;}}@media all and (max-width: 767px){.kadence-column_b371b3-7c > .kt-inside-inner-col{padding-right:0px;flex-direction:column;justify-content:center;}}.kadence-column_b371b3-7c {\/*position: initial;*\/}<\/style>\n<div class=\"wp-block-kadence-column inner-column-1 kadence-column_b371b3-7c\"><div class=\"kt-inside-inner-col\"><style>#kt-layout-id_4d2bd0-c5{margin-bottom:0px;}#kt-layout-id_4d2bd0-c5 > .kt-row-column-wrap{align-content:start;}:where(#kt-layout-id_4d2bd0-c5 > .kt-row-column-wrap) > .wp-block-kadence-column{justify-content:start;}#kt-layout-id_4d2bd0-c5 > .kt-row-column-wrap{column-gap:var(--global-kb-gap-md, 2rem);row-gap:var(--global-kb-gap-md, 2rem);max-width:600px;margin-left:auto;margin-right:auto;padding-top:var( --global-kb-row-default-top, 25px );padding-bottom:var( --global-kb-row-default-bottom, 25px );padding-top:140px;padding-bottom:125px;grid-template-columns:minmax(0, 1fr);}#kt-layout-id_4d2bd0-c5 > .kt-row-layout-overlay{opacity:0.30;}@media all and (max-width: 1024px){#kt-layout-id_4d2bd0-c5 > .kt-row-column-wrap{grid-template-columns:minmax(0, 1fr);}}@media all and (max-width: 767px){#kt-layout-id_4d2bd0-c5 > .kt-row-column-wrap{padding-top:80px;padding-bottom:25px;padding-left:30px;padding-right:30px;grid-template-columns:minmax(0, 1fr);}}#kt-layout-id_4d2bd0-c5 {margin-right: initial;}<\/style>\n<div class=\"wp-block-kadence-rowlayout alignnone contact-me\"><div id=\"kt-layout-id_4d2bd0-c5\" class=\"kt-row-layout-inner kt-layout-id_4d2bd0-c5\"><div class=\"kt-row-column-wrap kt-has-1-columns kt-gutter-default kt-v-gutter-default kt-row-valign-top kt-row-layout-equal kt-tab-layout-inherit kt-m-colapse-left-to-right kt-mobile-layout-row\"><style>.kadence-column_5dc83e-3a > .kt-inside-inner-col{border-top-width:0px;border-right-width:0px;border-bottom-width:0px;border-left-width:0px;}.kadence-column_5dc83e-3a > .kt-inside-inner-col,.kadence-column_5dc83e-3a > .kt-inside-inner-col:before{border-top-left-radius:0px;border-top-right-radius:0px;border-bottom-right-radius:0px;border-bottom-left-radius:0px;}.kadence-column_5dc83e-3a > .kt-inside-inner-col{column-gap:var(--global-kb-gap-sm, 1rem);}.kadence-column_5dc83e-3a > .kt-inside-inner-col{flex-direction:column;}.kadence-column_5dc83e-3a > .kt-inside-inner-col > .aligncenter{width:100%;}.kadence-column_5dc83e-3a > .kt-inside-inner-col:before{opacity:0.3;}.kadence-column_5dc83e-3a{position:relative;}@media all and (max-width: 1024px){.kadence-column_5dc83e-3a > .kt-inside-inner-col{flex-direction:column;justify-content:center;}}@media all and (max-width: 767px){.kadence-column_5dc83e-3a > .kt-inside-inner-col{flex-direction:column;justify-content:center;}}<\/style>\n<div class=\"wp-block-kadence-column inner-column-1 kadence-column_5dc83e-3a\"><div class=\"kt-inside-inner-col\"><style>.wp-block-kadence-advancedheading.kt-adv-heading_9a7bc5-3e, .wp-block-kadence-advancedheading.kt-adv-heading_9a7bc5-3e[data-kb-block=\"kb-adv-heading_9a7bc5-3e\"]{padding-bottom:30px;font-style:normal;}.wp-block-kadence-advancedheading.kt-adv-heading_9a7bc5-3e mark.kt-highlight, .wp-block-kadence-advancedheading.kt-adv-heading_9a7bc5-3e[data-kb-block=\"kb-adv-heading_9a7bc5-3e\"] mark.kt-highlight{font-style:normal;color:#f76a0c;-webkit-box-decoration-break:clone;box-decoration-break:clone;padding-top:0px;padding-right:0px;padding-bottom:0px;padding-left:0px;}<\/style>\n<p class=\"kt-adv-heading_9a7bc5-3e wp-block-kadence-advancedheading\" data-kb-block=\"kb-adv-heading_9a7bc5-3e\">Si requieres mayor informaci\u00f3n escr\u00edbeme a<\/p>\n\n\n<style>.wp-block-kadence-iconlist.kt-svg-icon-list-items_1cdb0d-f2:not(.this-stops-third-party-issues){margin-top:0px;margin-bottom:0px;}.wp-block-kadence-iconlist.kt-svg-icon-list-items_1cdb0d-f2 ul.kt-svg-icon-list:not(.this-prevents-issues):not(.this-stops-third-party-issues):not(.tijsloc){margin-top:0px;margin-right:0px;margin-bottom:var(--global-kb-spacing-sm, 1.5rem);margin-left:0px;}.wp-block-kadence-iconlist.kt-svg-icon-list-items_1cdb0d-f2 ul.kt-svg-icon-list{grid-row-gap:12px;}.wp-block-kadence-iconlist.kt-svg-icon-list-items_1cdb0d-f2 ul.kt-svg-icon-list .kt-svg-icon-list-item-wrap .kt-svg-icon-list-single{margin-right:10px;}.kt-svg-icon-list-items_1cdb0d-f2 ul.kt-svg-icon-list .kt-svg-icon-list-item-wrap, .kt-svg-icon-list-items_1cdb0d-f2 ul.kt-svg-icon-list .kt-svg-icon-list-item-wrap a{font-size:16px;}.kt-svg-icon-list-items_1cdb0d-f2 ul.kt-svg-icon-list .kt-svg-icon-list-level-0 .kt-svg-icon-list-single svg{font-size:20px;}<\/style>\n<div class=\"wp-block-kadence-iconlist kt-svg-icon-list-items kt-svg-icon-list-items_1cdb0d-f2 kt-svg-icon-list-columns-1 alignnone iconos-contacto\"><ul class=\"kt-svg-icon-list\"><li class=\"kt-svg-icon-list-style-default kt-svg-icon-list-item-wrap kt-svg-icon-list-item-0 kt-svg-icon-list-level-0\"><a href=\"mailto:info@lavenderblush-fly-254657.hostingersite.com\" class=\"kt-svg-icon-link\"><div style=\"display:inline-flex;justify-content:center;align-items:center;color:var(--negro)\" class=\"kt-svg-icon-list-single kt-svg-icon-list-single-fe_mail\"><svg style=\"display:inline-block;vertical-align:middle\" viewbox=\"0 0 24 24\" height=\"20\" width=\"20\" fill=\"none\" stroke=\"currentColor\" xmlns=\"http:\/\/www.w3.org\/2000\/svg\" stroke-width=\"2\" stroke-linecap=\"round\" stroke-linejoin=\"round\" aria-hidden=\"true\"><path d=\"M4 4h16c1.1 0 2 .9 2 2v12c0 1.1-.9 2-2 2H4c-1.1 0-2-.9-2-2V6c0-1.1.9-2 2-2z\"><\/path><polyline points=\"22,6 12,13 2,6\"><\/polyline><\/svg><\/div><span class=\"kt-svg-icon-list-text\">info@lavenderblush-fly-254657.hostingersite.com<\/span><\/a><\/li><\/ul><\/div>\n<\/div><\/div>\n<\/div><\/div><\/div>\n<\/div><\/div>\n\n\n<style>.kadence-column_39c85b-c1 > .kt-inside-inner-col{padding-left:60px;padding-right:0px;}.kadence-column_39c85b-c1 > .kt-inside-inner-col{border-top-width:0px;border-right-width:0px;border-bottom-width:0px;border-left-width:0px;}.kadence-column_39c85b-c1 > .kt-inside-inner-col,.kadence-column_39c85b-c1 > .kt-inside-inner-col:before{border-top-left-radius:0px;border-top-right-radius:0px;border-bottom-right-radius:0px;border-bottom-left-radius:0px;}.kadence-column_39c85b-c1 > .kt-inside-inner-col{column-gap:var(--global-kb-gap-sm, 1rem);}.kadence-column_39c85b-c1 > .kt-inside-inner-col{flex-direction:column;}.kadence-column_39c85b-c1 > .kt-inside-inner-col > .aligncenter{width:100%;}.kadence-column_39c85b-c1 > .kt-inside-inner-col{background-image:url('https:\/\/lavenderblush-fly-254657.hostingersite.com\/wp-content\/uploads\/2022\/08\/mga-contact.jpg');background-size:cover;background-position:center center;background-attachment:scroll;background-repeat:no-repeat;}.kadence-column_39c85b-c1 > .kt-inside-inner-col:before{opacity:0.3;}.kadence-column_39c85b-c1{position:relative;}@media all and (max-width: 1024px){.kadence-column_39c85b-c1 > .kt-inside-inner-col{flex-direction:column;justify-content:center;}}@media all and (max-width: 767px){.kadence-column_39c85b-c1 > .kt-inside-inner-col{padding-left:0px;min-height:70vh;flex-direction:column;justify-content:center;}}<\/style>\n<div class=\"wp-block-kadence-column inner-column-2 kadence-column_39c85b-c1\"><div class=\"kt-inside-inner-col\"><\/div><\/div>\n<\/div><\/div><\/div>\n<style>#kt-layout-id_1cf13c-7f{margin-bottom:0px;}#kt-layout-id_1cf13c-7f > .kt-row-column-wrap{align-content:start;}:where(#kt-layout-id_1cf13c-7f > .kt-row-column-wrap) > .wp-block-kadence-column{justify-content:start;}#kt-layout-id_1cf13c-7f > .kt-row-column-wrap{column-gap:var(--global-kb-gap-none, 0rem );row-gap:var(--global-kb-gap-md, 2rem);max-width:600px;margin-left:auto;margin-right:auto;padding-top:var( --global-kb-row-default-top, 25px );padding-bottom:var( --global-kb-row-default-bottom, 25px );padding-top:100px;padding-bottom:0px;padding-left:0px;padding-right:0px;grid-template-columns:minmax(0, 1fr);}#kt-layout-id_1cf13c-7f > .kt-row-layout-overlay{opacity:0.30;}@media all and (max-width: 1024px){#kt-layout-id_1cf13c-7f > .kt-row-column-wrap{grid-template-columns:minmax(0, 1fr);}}@media all and (max-width: 767px){#kt-layout-id_1cf13c-7f > .kt-row-column-wrap{padding-left:30px;padding-right:30px;grid-template-columns:minmax(0, 1fr);}}<\/style>\n<div class=\"wp-block-kadence-rowlayout alignfull\"><div id=\"kt-layout-id_1cf13c-7f\" class=\"kt-row-layout-inner kt-layout-id_1cf13c-7f\"><div class=\"kt-row-column-wrap kt-has-1-columns kt-gutter-none kt-v-gutter-default kt-row-valign-top kt-row-layout-equal kt-tab-layout-inherit kt-m-colapse-left-to-right kt-mobile-layout-row\"><style>.kadence-column_2b6deb-f1 > .kt-inside-inner-col{padding-right:60px;}.kadence-column_2b6deb-f1 > .kt-inside-inner-col{border-top-width:0px;border-right-width:0px;border-bottom-width:0px;border-left-width:0px;}.kadence-column_2b6deb-f1 > .kt-inside-inner-col,.kadence-column_2b6deb-f1 > .kt-inside-inner-col:before{border-top-left-radius:0px;border-top-right-radius:0px;border-bottom-right-radius:0px;border-bottom-left-radius:0px;}.kadence-column_2b6deb-f1 > .kt-inside-inner-col{column-gap:var(--global-kb-gap-sm, 1rem);}.kadence-column_2b6deb-f1 > .kt-inside-inner-col{flex-direction:column;}.kadence-column_2b6deb-f1 > .kt-inside-inner-col > .aligncenter{width:100%;}.kadence-column_2b6deb-f1 > .kt-inside-inner-col:before{opacity:0.3;}.kadence-column_2b6deb-f1{position:relative;}@media all and (max-width: 1024px){.kadence-column_2b6deb-f1 > .kt-inside-inner-col{flex-direction:column;justify-content:center;}}@media all and (max-width: 767px){.kadence-column_2b6deb-f1 > .kt-inside-inner-col{padding-right:0px;flex-direction:column;justify-content:center;}}.kadence-column_2b6deb-f1 {\/*position: initial;*\/}<\/style>\n<div class=\"wp-block-kadence-column inner-column-1 kadence-column_2b6deb-f1\"><div class=\"kt-inside-inner-col\"><style>.wp-block-kadence-advancedheading.kt-adv-heading_e0bcac-7e, .wp-block-kadence-advancedheading.kt-adv-heading_e0bcac-7e[data-kb-block=\"kb-adv-heading_e0bcac-7e\"]{text-align:center;font-style:normal;text-transform:uppercase;letter-spacing:15px;}.wp-block-kadence-advancedheading.kt-adv-heading_e0bcac-7e mark.kt-highlight, .wp-block-kadence-advancedheading.kt-adv-heading_e0bcac-7e[data-kb-block=\"kb-adv-heading_e0bcac-7e\"] mark.kt-highlight{font-style:normal;color:#f76a0c;-webkit-box-decoration-break:clone;box-decoration-break:clone;padding-top:0px;padding-right:0px;padding-bottom:0px;padding-left:0px;}<\/style>\n<h2 class=\"kt-adv-heading_e0bcac-7e wp-block-kadence-advancedheading has-naranja-color has-text-color\" data-kb-block=\"kb-adv-heading_e0bcac-7e\">FORMULARIO DE CONTACTO<\/h2>\n\n\n<style>.wp-block-kadence-advancedheading.kt-adv-heading_704ea2-f8, .wp-block-kadence-advancedheading.kt-adv-heading_704ea2-f8[data-kb-block=\"kb-adv-heading_704ea2-f8\"]{text-align:center;font-style:normal;}.wp-block-kadence-advancedheading.kt-adv-heading_704ea2-f8 mark.kt-highlight, .wp-block-kadence-advancedheading.kt-adv-heading_704ea2-f8[data-kb-block=\"kb-adv-heading_704ea2-f8\"] mark.kt-highlight{font-style:normal;color:#f76a0c;-webkit-box-decoration-break:clone;box-decoration-break:clone;padding-top:0px;padding-right:0px;padding-bottom:0px;padding-left:0px;}<\/style>\n<p class=\"kt-adv-heading_704ea2-f8 wp-block-kadence-advancedheading\" data-kb-block=\"kb-adv-heading_704ea2-f8\">Estar\u00e9 encantada de saber de ti<\/p>\n\n\n<style>.wp-block-kadence-spacer.kt-block-spacer-_57a938-56 .kt-block-spacer{height:60px;}.wp-block-kadence-spacer.kt-block-spacer-_57a938-56 .kt-divider{border-top-width:1px;height:1px;border-top-color:var(--naranja);width:100%;border-top-style:solid;}<\/style>\n<div class=\"wp-block-kadence-spacer aligncenter kt-block-spacer-_57a938-56\"><div class=\"kt-block-spacer kt-block-spacer-halign-center\"><hr class=\"kt-divider\"\/><\/div><\/div>\n\n\n<style>.kadence-form-_69460a-48 .kb-form .kadence-blocks-form-field .kb-text-style-field, .kadence-form-_69460a-48 .kb-form .kadence-blocks-form-field .kb-select-style-field{border-radius:0px;border-width:0px 0px 1px 0px;border-color:var(--rojo);}.kadence-form-_69460a-48 .kb-form .kadence-blocks-form-field > label{color:var(--rojo);text-transform:none;}.kadence-form-_69460a-48 .kb-form .kadence-blocks-form-field .kb-forms-submit{color:var(--naranja);border-radius:3px;border-width:1px 1px 1px 1px;background:var(--rojo);border-color:var(--naranja);}.kadence-form-_69460a-48 .kb-form .kadence-blocks-form-field .kb-forms-submit:hover, .kadence-form-_69460a-48 .kb-form .kadence-blocks-form-field .kb-forms-submit:focus {color:var(--base-3);border-color:var(--naranja);background:var(--naranja);}.kadence-form-_69460a-48 .kb-form .kadence-blocks-form-field .kb-forms-submit{padding-top:12px;padding-right:40px;padding-bottom:12px;padding-left:40px;}.kadence-form-_69460a-48 .kadence-blocks-form-success{color:var(--gris);border-color:var(--gris);background:#f5f5f5;}.kadence-form-_69460a-48 .kadence-blocks-form-warning{color:var(--gris);border-color:var(--gris);background:#f5f5f5;}.kadence-form-_69460a-48 .kadence-blocks-form-message, .kadence-form-_69460a-48 .kb-form-error-msg{margin-right:0px;margin-bottom:0px;margin-left:0px;}.kb-form input.kadence-blocks-field.verify{opacity:0.0;position:absolute;top:0.0;left:0.0;width:0.0;height:0.0;z-index:-1;}<\/style>\n<div class=\"wp-block-kadence-form kadence-form-_69460a-48 kb-form-wrap kb-form-align-right contact-form\"><form class=\"kb-form\" action=\"\" method=\"post\"><div class=\"kadence-blocks-form-field kb-field-desk-width-100 kb-input-size-standard\"><input name=\"kb_field_0\" id=\"kb_field__69460a-48_0\" data-label=\"Nombre\" type=\"text\" placeholder=\"Nombre (obligatorio)\" value=\"\" data-type=\"text\" class=\"kb-field kb-text-style-field kb-text-field kb-field-0\" data-required=\"yes\"\/><\/div><div class=\"kadence-blocks-form-field kb-form-field-1 kb-field-desk-width-100 kb-input-size-standard\"><input name=\"kb_field_1\" id=\"kb_field__69460a-48_1\" data-label=\"Compa&#xF1;&#xED;a\" type=\"text\" placeholder=\"Compa&#xF1;&#xED;a\" value=\"\" data-type=\"text\" class=\"kb-field kb-text-style-field kb-text-field kb-field-1\"\/><\/div><div class=\"kadence-blocks-form-field kb-form-field-2 kb-field-desk-width-100 kb-input-size-standard\"><input name=\"kb_field_2\" id=\"kb_field__69460a-48_2\" data-label=\"Correo\" type=\"email\" placeholder=\"Correo (obligatorio)\" value=\"\" data-type=\"email\" class=\"kb-field kb-text-style-field kb-email-field kb-field-2\" data-required=\"yes\"\/><\/div><div class=\"kadence-blocks-form-field kb-form-field-3 kb-field-desk-width-100 kb-input-size-standard\"><input name=\"kb_field_3\" id=\"kb_field__69460a-48_3\" data-label=\"Tel&#xE9;fono\" type=\"tel\" placeholder=\"Tel&#xE9;fono\" value=\"\" data-type=\"tel\" class=\"kb-field kb-text-style-field kb-tel-field kb-field-3\"\/><\/div><div class=\"kadence-blocks-form-field kb-form-field-4 kb-field-desk-width-100 kb-input-size-standard\"><input name=\"kb_field_4\" id=\"kb_field__69460a-48_4\" data-label=\"Asunto\" type=\"text\" placeholder=\"Asunto (obligatorio)\" value=\"\" data-type=\"text\" class=\"kb-field kb-text-style-field kb-text-field kb-field-4\" data-required=\"yes\"\/><\/div><div class=\"kadence-blocks-form-field kb-form-field-5 kb-field-desk-width-100 kb-input-size-standard\"><textarea name=\"kb_field_5\" id=\"kb_field__69460a-48_5\" data-label=\"Mensaje\" type=\"textarea\" placeholder=\"Mensaje (obligatorio)\" data-type=\"textarea\" class=\"kb-field kb-text-style-field kb-textarea-field kb-field-5\" rows=\"4\" data-required=\"yes\"><\/textarea><\/div><input type=\"hidden\" name=\"_kb_form_id\" value=\"_69460a-48\"\/><input type=\"hidden\" name=\"_kb_form_post_id\" value=\"1324\"\/><input type=\"hidden\" name=\"action\" value=\"kb_process_ajax_submit\"\/><label class=\"kadence-verify-label\">Email<input class=\"kadence-blocks-field verify\" type=\"text\" name=\"_kb_verify_email\" autocomplete=\"new-password\" aria-hidden=\"true\" placeholder=\"Email\" tabindex=\"-1\" data-1p-ignore=\"true\" data-lpignore=\"true\" \/><\/label><div class=\"kadence-blocks-form-field kb-submit-field kb-field-desk-width-100\"><span id=\"kb_submit_label__69460a-48\" class=\"screen-reader-text kb-submit-desc-label\">Enviar<\/span><button aria-describedby=\"kb_submit_label__69460a-48\" class=\"kb-forms-submit button kb-button-size-custom kb-button-width-auto\">Enviar<\/button><\/div><\/form><\/div>\n<noscript><div class=\"kadence-blocks-form-message kadence-blocks-form-warning\">Activar JavaScript en tu navegador para enviar el formulario<\/div><style>.kadence-form-_69460a-48 .kadence-blocks-form-field.kb-submit-field { display: none; }<\/style><\/noscript>\n\n<style>.wp-block-kadence-spacer.kt-block-spacer-_af7961-b2 .kt-block-spacer{height:60px;}.wp-block-kadence-spacer.kt-block-spacer-_af7961-b2 .kt-divider{border-top-width:1px;height:1px;border-top-color:var(--naranja);width:100%;border-top-style:solid;}<\/style>\n<div class=\"wp-block-kadence-spacer aligncenter kt-block-spacer-_af7961-b2\"><div class=\"kt-block-spacer kt-block-spacer-halign-center\"><hr class=\"kt-divider\"\/><\/div><\/div>\n<\/div><\/div>\n<\/div><\/div><\/div>\n","protected":false},"excerpt":{"rendered":"<p>Si requieres mayor informaci\u00f3n escr\u00edbeme a FORMULARIO DE CONTACTO Estar\u00e9 encantada de saber de ti<\/p>\n","protected":false},"author":1,"featured_media":0,"parent":0,"menu_order":0,"comment_status":"closed","ping_status":"closed","template":"","meta":{"_kad_blocks_custom_css":"","_kad_blocks_head_custom_js":"","_kad_blocks_body_custom_js":"","_kad_blocks_footer_custom_js":"","footnotes":""},"class_list":["post-1324","page","type-page","status-publish"],"taxonomy_info":[],"featured_image_src_large":false,"author_info":{"display_name":"aglorenzo","author_link":"https:\/\/consultingevolution.com\/es\/author\/aglorenzo\/"},"comment_info":0,"_links":{"self":[{"href":"https:\/\/consultingevolution.com\/es\/wp-json\/wp\/v2\/pages\/1324","targetHints":{"allow":["GET"]}}],"collection":[{"href":"https:\/\/consultingevolution.com\/es\/wp-json\/wp\/v2\/pages"}],"about":[{"href":"https:\/\/consultingevolution.com\/es\/wp-json\/wp\/v2\/types\/page"}],"author":[{"embeddable":true,"href":"https:\/\/consultingevolution.com\/es\/wp-json\/wp\/v2\/users\/1"}],"replies":[{"embeddable":true,"href":"https:\/\/consultingevolution.com\/es\/wp-json\/wp\/v2\/comments?post=1324"}],"version-history":[{"count":2,"href":"https:\/\/consultingevolution.com\/es\/wp-json\/wp\/v2\/pages\/1324\/revisions"}],"predecessor-version":[{"id":1326,"href":"https:\/\/consultingevolution.com\/es\/wp-json\/wp\/v2\/pages\/1324\/revisions\/1326"}],"wp:attachment":[{"href":"https:\/\/consultingevolution.com\/es\/wp-json\/wp\/v2\/media?parent=1324"}],"curies":[{"name":"wp","href":"https:\/\/api.w.org\/{rel}","templated":true}]}}