{"id":547,"date":"2022-08-05T03:06:15","date_gmt":"2022-08-05T09:06:15","guid":{"rendered":"https:\/\/lavenderblush-fly-254657.hostingersite.com\/?page_id=547"},"modified":"2022-11-17T14:28:17","modified_gmt":"2022-11-17T20:28:17","slug":"privacy-policy","status":"publish","type":"page","link":"https:\/\/consultingevolution.com\/es\/privacy-policy\/","title":{"rendered":"Privacy policy"},"content":{"rendered":"<style>#kt-layout-id_9e15eb-4d{margin-bottom:0px;}#kt-layout-id_9e15eb-4d > .kt-row-column-wrap{align-content:start;}:where(#kt-layout-id_9e15eb-4d > .kt-row-column-wrap) > .wp-block-kadence-column{justify-content:start;}#kt-layout-id_9e15eb-4d > .kt-row-column-wrap{column-gap:var(--global-kb-gap-md, 2rem);row-gap:var(--global-kb-gap-md, 2rem);max-width:800px;margin-left:auto;margin-right:auto;padding-top:var( --global-kb-row-default-top, 25px );padding-bottom:var( --global-kb-row-default-bottom, 25px );padding-top:100px;grid-template-columns:minmax(0, 1fr);}#kt-layout-id_9e15eb-4d > .kt-row-layout-overlay{opacity:0.30;}@media all and (max-width: 1024px){#kt-layout-id_9e15eb-4d > .kt-row-column-wrap{grid-template-columns:minmax(0, 1fr);}}@media all and (max-width: 767px){#kt-layout-id_9e15eb-4d > .kt-row-column-wrap{padding-left:30px;padding-right:30px;grid-template-columns:minmax(0, 1fr);}}<\/style>\n<div class=\"wp-block-kadence-rowlayout alignnone\"><div id=\"kt-layout-id_9e15eb-4d\" class=\"kt-row-layout-inner kt-layout-id_9e15eb-4d\"><div class=\"kt-row-column-wrap kt-has-1-columns kt-gutter-default kt-v-gutter-default kt-row-valign-top kt-row-layout-equal kt-tab-layout-inherit kt-m-colapse-left-to-right kt-mobile-layout-row\"><style>.kadence-column_8d8777-ad > .kt-inside-inner-col{border-top-width:0px;border-right-width:0px;border-bottom-width:0px;border-left-width:0px;}.kadence-column_8d8777-ad > .kt-inside-inner-col,.kadence-column_8d8777-ad > .kt-inside-inner-col:before{border-top-left-radius:0px;border-top-right-radius:0px;border-bottom-right-radius:0px;border-bottom-left-radius:0px;}.kadence-column_8d8777-ad > .kt-inside-inner-col{column-gap:var(--global-kb-gap-sm, 1rem);}.kadence-column_8d8777-ad > .kt-inside-inner-col{flex-direction:column;}.kadence-column_8d8777-ad > .kt-inside-inner-col > .aligncenter{width:100%;}.kadence-column_8d8777-ad > .kt-inside-inner-col:before{opacity:0.3;}.kadence-column_8d8777-ad{position:relative;}@media all and (max-width: 1024px){.kadence-column_8d8777-ad > .kt-inside-inner-col{flex-direction:column;justify-content:center;}}@media all and (max-width: 767px){.kadence-column_8d8777-ad > .kt-inside-inner-col{flex-direction:column;justify-content:center;}}<\/style>\n<div class=\"wp-block-kadence-column inner-column-1 kadence-column_8d8777-ad\"><div class=\"kt-inside-inner-col\"><style>.wp-block-kadence-advancedheading.kt-adv-heading_f60256-ab, .wp-block-kadence-advancedheading.kt-adv-heading_f60256-ab[data-kb-block=\"kb-adv-heading_f60256-ab\"]{padding-bottom:40px;font-style:normal;font-family:Sanuk-Regular;}.wp-block-kadence-advancedheading.kt-adv-heading_f60256-ab mark.kt-highlight, .wp-block-kadence-advancedheading.kt-adv-heading_f60256-ab[data-kb-block=\"kb-adv-heading_f60256-ab\"] mark.kt-highlight{font-style:normal;color:#f76a0c;-webkit-box-decoration-break:clone;box-decoration-break:clone;padding-top:0px;padding-right:0px;padding-bottom:0px;padding-left:0px;}<\/style>\n<h1 class=\"kt-adv-heading_f60256-ab wp-block-kadence-advancedheading\" data-kb-block=\"kb-adv-heading_f60256-ab\">Pol\u00edtica de Privacidad<\/h1>\n\n\n\n<p><strong>T\u00c9RMINOS PARA TRATAMIENTO DE DATOS PERSONALES<\/strong><\/p>\n\n\n\n<p>EL USUARIO autoriza de manera previa, expresa e informada a&nbsp; consultingevolution.com para que, directamente o a trav\u00e9s de sus redes sociales, empleados, consultores, asesores y\/o terceros encargados a tal efecto, realice cualquier operaci\u00f3n o conjunto de operaciones tales como la recolecci\u00f3n, almacenamiento, uso, circulaci\u00f3n, supresi\u00f3n, transferencia y transmisi\u00f3n (en adelante el \u201c<strong>Tratamiento<\/strong>\u201d) de sus datos personales, entendidos como cualquier informaci\u00f3n vinculada o que pueda asociarse A EL USUARIO (en adelante los \u201c<strong>Datos Personales<\/strong>\u201d), lo cual incluye pero no se limita a datos de contacto, n\u00famero de cuenta bancaria, informaci\u00f3n profesional e informaci\u00f3n de identificaci\u00f3n.<\/p>\n\n\n\n<p>EL USUARIO entiende de que el Tratamiento de los Datos Personales tiene como finalidad el cumplir las obligaciones legales o contractuales de&nbsp; consultingevolution.com con terceros; la debida ejecuci\u00f3n de este Contrato; el cumplimiento de las pol\u00edticas internas de&nbsp; consultingevolution.com; la verificaci\u00f3n del cumplimiento de las obligaciones de EL USUARIO ; la administraci\u00f3n de sus sistemas de informaci\u00f3n y comunicaciones, y la generaci\u00f3n de copias y archivos de seguridad de la informaci\u00f3n en los equipos proporcionados por&nbsp; consultingevolution.com.<\/p>\n\n\n\n<p>EL USUARIO conoce que los tipos de procesos que ser\u00e1n efectuados por&nbsp; consultingevolution.com ser\u00e1n los siguientes:<\/p>\n\n\n\n<p>Procesos que impliquen la observaci\u00f3n, monitorizaci\u00f3n, supervisi\u00f3n, geolocalizaci\u00f3n o control de EL USUARIO de forma sistem\u00e1tica y exhaustiva, incluida la recogida de datos y metadatos a trav\u00e9s de redes, aplicaciones o en zonas de acceso p\u00fablico, as\u00ed como el procesamiento de identificadores \u00fanicos que permitan la identificaci\u00f3n de los clientes.<\/p>\n\n\n\n<p>Los Datos Personales ser\u00e1n conservados por&nbsp; consultingevolution.com hasta la terminaci\u00f3n de las relaciones contractuales, a menos que los mismos sean necesarios para satisfacer un inter\u00e9s leg\u00edtimo de&nbsp; consultingevolution.com o de un tercero.<\/p>\n\n\n\n<p>consultingevolution.com garantiza a EL USUARIO que en el supuesto de que los Datos Personales sean transferidos o comunicados internacionalmente, estos contar\u00e1n con los niveles adecuados de protecci\u00f3n de datos personales, o al menos con las garant\u00edas adecuadas del caso; sin embargo, EL USUARIO es consciente de que podr\u00eda haber transferencias o comunicaciones de los Datos Personales a pa\u00edses que no cuentan con las garant\u00edas adecuadas de protecci\u00f3n de datos, por lo que, en estos casos podr\u00eda haber ciertos riesgos en cuanto a los Datos Personales.<\/p>\n\n\n\n<p>EL USUARIO podr\u00e1, en cualquier momento hacer efectivos de sus derechos de acceso, eliminaci\u00f3n, rectificaci\u00f3n y actualizaci\u00f3n, oposici\u00f3n, anulaci\u00f3n, limitaci\u00f3n del tratamiento y a no ser objeto de una decisi\u00f3n basada \u00fanicamente en valoraciones automatizadas, para lo cual EL USUARIO deber\u00e1 dirigirse a Mar\u00eda Gloria Alarc\u00f3n al correo electr\u00f3nico <a href=\"mailto:info@lavenderblush-fly-254657.hostingersite.com\">info@lavenderblush-fly-254657.hostingersite.com<\/a>, con arreglo a los t\u00e9rminos y formas se\u00f1alados en la Pol\u00edtica; sin embargo de lo mencionado, EL USUARIO , adem\u00e1s, conoce que podr\u00edan existir limitaciones para que&nbsp; consultingevolution.com pueda hacer efectivos los derechos de rectificaci\u00f3n, actualizaci\u00f3n, eliminaci\u00f3n, oposici\u00f3n, anulaci\u00f3n y portabilidad de EL USUARIO, de conformidad con las leyes.<\/p>\n\n\n\n<p>EL USUARIO conoce que, adem\u00e1s de poder hacer efectivo sus derechos sobre sus datos ante&nbsp; consultingevolution.com, y bajo las limitaciones establecidas, EL USUARIO podr\u00e1 hacer cualquier tipo de reclamo ante la autoridad de protecci\u00f3n de datos.<\/p>\n\n\n\n<p>En definitiva, EL USUARIO tiene pleno conocimiento, y consiente de manera expresa a lo siguiente:<\/p>\n\n\n\n<ol class=\"wp-block-list\">\n<li>Que conoce y entiende la Pol\u00edtica, pues ha tenido oportunidad de consultarla y estudiarla detenidamente.<\/li>\n<\/ol>\n\n\n\n<ol class=\"wp-block-list\" start=\"2\">\n<li>Que conoce y entiende que el responsable del Tratamiento ser\u00e1&nbsp; consultingevolution.com.<\/li>\n<\/ol>\n\n\n\n<ol class=\"wp-block-list\" start=\"3\">\n<li>Que conoce y entiende los procedimientos y las formas con que cuenta para el ejercicio de los derechos que le asisten como titular de los Datos Personales, tal como estos se establecen y describen en la Pol\u00edtica.<\/li>\n<\/ol>\n\n\n\n<ol class=\"wp-block-list\" start=\"4\">\n<li>Que conoce y entiende que cualquier solicitud, reclamo, consulta o inquietud debe dirigirse a a Mar\u00eda Gloria Alarc\u00f3n al correo electr\u00f3nico <a href=\"mailto:info@lavenderblush-fly-254657.hostingersite.com\">info@lavenderblush-fly-254657.hostingersite.com<\/a>, con arreglo a los t\u00e9rminos y formas se\u00f1alados en la Pol\u00edtica.<\/li>\n<\/ol>\n\n\n\n<ol class=\"wp-block-list\" start=\"5\">\n<li>Que la presente autorizaci\u00f3n comprende el Tratamiento de sus Datos Personales a futuro y el que hubiere efectuado antes de la suscripci\u00f3n del presente Contrato, situaci\u00f3n que se entiende ratificada por este medio.<\/li>\n<\/ol>\n\n\n\n<ol class=\"wp-block-list\" start=\"6\">\n<li>Que, si bien&nbsp; consultingevolution.com cuenta con una infraestructura tecnol\u00f3gica s\u00f3lida y confiable, existen circunstancias inherentes al Tratamiento que expondr\u00e1n los Datos Personales a ciertos riesgos, lo cual incluye, pero no se limita a riesgos de seguridad, riesgos de virus, riesgos de corrupci\u00f3n y ca\u00eddas de servicios, entre otros.<\/li>\n<\/ol>\n\n\n\n<p>Finalmente EL USUARIO a trav\u00e9s de la aceptaci\u00f3n de este formulario (f\u00edsico \/online) acepta las cl\u00e1usulas, t\u00e9rminos y condiciones y est\u00e1 consciente que sus Datos Personales podr\u00e1n ser transferidos o comunicados dentro o fuera del territorio a los siguientes destinatarios:<\/p>\n\n\n\n<p>Mar\u00eda Gloria Alarc\u00f3n<\/p>\n\n\n\n<p>Email: &nbsp;<a href=\"mailto:info@lavenderblush-fly-254657.hostingersite.com\">info@lavenderblush-fly-254657.hostingersite.com<\/a><\/p>\n<\/div><\/div>\n<\/div><\/div><\/div>\n","protected":false},"excerpt":{"rendered":"<p>Pol\u00edtica de Privacidad T\u00c9RMINOS PARA TRATAMIENTO DE DATOS PERSONALES EL USUARIO autoriza de manera previa, expresa e informada a&nbsp; consultingevolution.com para que, directamente o a trav\u00e9s de sus redes sociales, empleados, consultores, asesores y\/o terceros encargados a tal efecto, realice cualquier operaci\u00f3n o conjunto de operaciones tales como la recolecci\u00f3n, almacenamiento, uso, circulaci\u00f3n, supresi\u00f3n, transferencia &#8230; <a title=\"Privacy policy\" class=\"read-more\" href=\"https:\/\/consultingevolution.com\/es\/privacy-policy\/\" aria-label=\"Leer m\u00e1s sobre Privacy policy\">Read more<\/a><\/p>\n","protected":false},"author":1,"featured_media":0,"parent":0,"menu_order":0,"comment_status":"closed","ping_status":"closed","template":"","meta":{"_kad_blocks_custom_css":"","_kad_blocks_head_custom_js":"","_kad_blocks_body_custom_js":"","_kad_blocks_footer_custom_js":"","footnotes":""},"class_list":["post-547","page","type-page","status-publish"],"taxonomy_info":[],"featured_image_src_large":false,"author_info":{"display_name":"aglorenzo","author_link":"https:\/\/consultingevolution.com\/es\/author\/aglorenzo\/"},"comment_info":0,"_links":{"self":[{"href":"https:\/\/consultingevolution.com\/es\/wp-json\/wp\/v2\/pages\/547","targetHints":{"allow":["GET"]}}],"collection":[{"href":"https:\/\/consultingevolution.com\/es\/wp-json\/wp\/v2\/pages"}],"about":[{"href":"https:\/\/consultingevolution.com\/es\/wp-json\/wp\/v2\/types\/page"}],"author":[{"embeddable":true,"href":"https:\/\/consultingevolution.com\/es\/wp-json\/wp\/v2\/users\/1"}],"replies":[{"embeddable":true,"href":"https:\/\/consultingevolution.com\/es\/wp-json\/wp\/v2\/comments?post=547"}],"version-history":[{"count":7,"href":"https:\/\/consultingevolution.com\/es\/wp-json\/wp\/v2\/pages\/547\/revisions"}],"predecessor-version":[{"id":1427,"href":"https:\/\/consultingevolution.com\/es\/wp-json\/wp\/v2\/pages\/547\/revisions\/1427"}],"wp:attachment":[{"href":"https:\/\/consultingevolution.com\/es\/wp-json\/wp\/v2\/media?parent=547"}],"curies":[{"name":"wp","href":"https:\/\/api.w.org\/{rel}","templated":true}]}}